{"id":90368,"date":"2022-01-01T00:00:25","date_gmt":"2021-12-31T23:00:25","guid":{"rendered":"https:\/\/blog.arenaswim.com\/?page_id=90368"},"modified":"2022-02-09T11:13:29","modified_gmt":"2022-02-09T10:13:29","slug":"cookie-policy","status":"publish","type":"page","link":"https:\/\/blog.arenaswim.com\/de\/cookie-policy\/","title":{"rendered":"Information \u00fcber Cookies"},"content":{"rendered":"<p>Cookies sind kleine Zeichenketten, die auf Ihrem Computer gespeichert werden, wenn Sie bestimmte Websites besuchen.<\/p>\n<p>Cookies sind nicht sch\u00e4dlich f\u00fcr Ihren Computer.<\/p>\n<p>Die von uns generierten Cookies speichern keine personenbezogenen Informationen, wie z. B. Informationen \u00fcber Kreditkarten. Wir nutzen verschl\u00fcsselte Informationen, die mithilfe der Cookies erfasst werden, um Ihre Nutzererfahrung zu verbessern. Sie dienen z. B. der Ermittlung und L\u00f6sung von Fehlern.<\/p>\n<p>Weitere Informationen \u00fcber Cookies finden Sie auf den Websites: www.allaboutcookies.org und www.youronlinechoices.eu.<\/p>\n<p>Cookies k\u00f6nnen unterschiedliche Funktionen haben, so erm\u00f6glichen sie u.a. ein effizientes Surfen zwischen den verschiedenen Seiten und erinnern sich an Favoriten, im Allgemeinen k\u00f6nnen Sie das Surferlebnis des Nutzers verbessern.<\/p>\n<p>Weitere Informationen \u00fcber Cookies finden Sie auf den Websites: www.allaboutcookies.org und www.youronlinechoices.eu.<\/p>\n<p>Arena S.p.A. beh\u00e4lt sich die Verwendung von Cookies vor, mit Zustimmung des Nutzers, sofern diese gesetzlich oder beh\u00f6rdlich vorgegeben ist, um den Besuch auf unseren Websites und\/oder auf den von uns kontrollierten Websites und die Personalisierung der angezeigten Informationen zu erleichtern. Arena S.p.A. beh\u00e4lt sich au\u00dferdem zu statistischen und sicherheitsspezifischen Zwecken das Recht vor, \u00e4hnliche Systeme f\u00fcr die Erfassung von Informationen \u00fcber die Nutzer der Websites zu verwenden, darunter z. B. die IP-Adresse, Internet-Browser und Betriebssystem und\/oder die vom Nutzer besuchten Websites. Arena S.p.A. kann diese Informationen erfassen, um die Nutzung von Websites nachzuverfolgen und bestimmte Aspekte zu verbessern.<\/p>\n<p>Um die Arena Swim Website (<a href=\"https:\/\/blog.arenaswim.com\/\">blog.arenaswim.com<\/a>) zu besuchen, m\u00fcssen Cookies aktiviert sein. Wenn Sie keine Cookies akzeptieren wollen, k\u00f6nnen Sie die Website zu Suchzwecken besuchen, wobei das Surferlebnis ggf. beeintr\u00e4chtigt und einige Funktionen nicht genutzt werden k\u00f6nnen. In den meisten Browsern, bei denen Cookies deaktiviert sind, finden Sie die erforderlichen Informationen f\u00fcr die \u00c4nderung der Cookie-Einstellungen.<\/p>\n<p>In Folge eine kurze Beschreibung der Nutzung von Cookies und \u00e4hnlicher Tools durch Arena S.p.A.<\/p>\n<h2>Sitzungs-Cookies<\/h2>\n<p>Diese Cookies sind grundlegend, damit Sie die Website besuchen und die verschiedenen Funktionen nutzen k\u00f6nnen, z. B. f\u00fcr den Zugang reservierter Bereiche. Ohne diese Cookies k\u00f6nnen wir die gew\u00fcnschten Dienstleistungen, die die Website anbietet, nicht erbringen.<\/p>\n<p>Die unbedingt notwendigen Cookies dienen f\u00fcr die Speicherung einer unmissverst\u00e4ndlichen Identifikation f\u00fcr die Verwaltung und Identifizierung des Nutzers, der sich von allen anderen gleichzeitigen Nutzern der Website unterscheidet. Nur so kann dem Nutzer ein koh\u00e4renter und genauer Service geboten werden.<\/p>\n<p>Zum Beispiel:<\/p>\n<ul>\n<li>Die Speicherung fr\u00fcherer Aktionen (z. B. eingegebener Text) w\u00e4hrend des Zur\u00fcckschaltens auf eine Seite in derselben Sitzung;<\/li>\n<li>Verwaltung und Weiterschalten von Sicherheits-Token auf unterschiedliche Dienstleistungen innerhalb einer Website f\u00fcr die Ermittlung des Status des Besuchers (z. B. registriert oder nicht registriert);<\/li>\n<li>Bewahrung der Token f\u00fcr die Implementierung reservierter Bereiche der Website;<\/li>\n<li>Weiterleitung des Kunden zu spezifischen Versionen\/Anwendungen einer Dienstleistung, wie dies z. B. bei einer technischen Migration erforderlich sein k\u00f6nnte.<\/li>\n<\/ul>\n<h2>Performance-Cookies<\/h2>\n<p>Diese Cookies k\u00f6nnen von Arena S.p.A. oder Partner-Websites gesetzte Sitzungs- oder persistente Cookies sein, ihre Nutzung ist auf die Leistung und Verbesserung der Website beschr\u00e4nkt. Diese Cookies erfassen, wie ein Besucher die Website nutzt, z. B. welche Seiten er besucht. Die Cookies erfassen keine Informationen, die den Nutzer identifizieren. Alle von diesen Cookies gesammelten Informationen werden anonym erfasst und dienen ausschlie\u00dflich der Verbesserung der Funktionalit\u00e4t der Website.<\/p>\n<p>Zum Beispiel:<\/p>\n<ul>\n<li>Web Analytics, die erfassten Daten sind nur auf die Nutzung der Website durch den Bediener beschr\u00e4nkt und dienen der Verwaltung der Leistung und der Struktur der Website. Diese Cookies k\u00f6nnen Cookies Dritter sein, doch die Informationen werden ausschlie\u00dflich von den Stellen verwendet, die sich um die Ver\u00f6ffentlichung der besuchten Website k\u00fcmmern;<\/li>\n<li>Tracking der Tochterunternehmen durch Partner des Arena Swim (blog.arenaswim.com) \u2013 die Cookies werden von Partnern gesetzt und von diesen ausschlie\u00dflich genutzt, um zu erfahren, ob der von einer anderen Website kommende Nutzer bestimmte Aktionen auf der Arena Swim Website (blog.arenaswim.com) durchgef\u00fchrt hat;<\/li>\n<li>Fehler-Management \u2013 Messung der Fehler auf der Website. Normalerweise unterst\u00fctzt diese Funktion die Verbesserung der Dienstleistungen oder des Reklamations-Managements und ist im Allgemeinen eng mit der Webanalyse verkn\u00fcpft;<\/li>\n<li>Testen unterschiedlicher Strukturen der Webseiten \u2013 Test der Struktur\u00e4nderungen, normalerweise mithilfe A\/B oder Multivariablen-Tests, um sicherzustellen, dass die laufenden und folgenden Sitzungen koh\u00e4rent angezeigt werden.<\/li>\n<\/ul>\n<h2>Funktions-Cookies<\/h2>\n<p>Diese Cookies k\u00f6nnen von Arena S.p.A. oder Partner-Websites gesetzte Sitzungs- oder persistente Cookies sein. Diese Cookies sind normalerweise die Folge einer Aktion vonseiten des Nutzers, sie k\u00f6nnen aber auch bei der Bereitstellung einer Dienstleistung implementiert werden, die nicht ausdr\u00fccklich angefordert, aber dem Kunden angeboten wird. Sie k\u00f6nnen auch genutzt werden, damit einem bestimmten Nutzer ein bereits angebotener oder abgelehnter Service nicht noch einmal angeboten wird. Au\u00dferdem erinnert sich die Website mithilfe der Cookies an die Entscheidungen des Nutzers (z. B. Name des Nutzers, Sprache, Herkunftsland usw.). Die von diesen Cookies erfassten Informationen sind anonym und k\u00f6nnen das Verhalten des Nutzers auf anderen Websites nicht nachverfolgen.<\/p>\n<p>Zum Beispiel:<\/p>\n<ul>\n<li>Speicherung der Einstellungen eines Nutzers auf einer Website, z. B. Layout, Schriftgr\u00f6\u00dfe, Pr\u00e4ferenzen, Farbe usw.;<\/li>\n<li>Speicherung einer Auswahl, damit der Nutzer einen Fragebogen nicht erneut ausf\u00fcllen muss;<\/li>\n<li>Erfassung, ob ein Service bereits angeboten wurde, z. B. Angebot eines Tutorials f\u00fcr sp\u00e4tere Besuche der Website;<\/li>\n<li>Bereitstellung von Informationen f\u00fcr zus\u00e4tzliche Serviceleistungen, wie z. B. Live-Chats.<\/li>\n<li>Erf\u00fcllung einer Nutzeranfrage, z. B. Pr\u00e4sentation eines Kommentars.<\/li>\n<\/ul>\n<h2>Cookies Dritter f\u00fcr Marketing und Retargeting<\/h2>\n<p>Diese Cookies werden von Partnern von Arena S.p.A. zum Schalten von Werbe-Bannern von Arena S.p.A. auf anderen Websites genutzt und zur Anzeige der neusten Produkte oder Dienstleistungen, die Sie auf der Website von Arena S.p.A. angesehen haben. Bei dem Besuch der Website von Arena S.p.A. dienen dieses Cookies auch dazu, Ihnen interessante oder \u00e4hnliche Produkte oder Dienstleistungen anzuzeigen, wie die, die Sie sich bereits angesehen haben. Dazu wird Ihr Surf-Verlauf genutzt.<\/p>\n<p>Die Nutzung dieser Cookies hat nicht die Verarbeitung personenbezogener Daten zur Folge, kann aber die Verkn\u00fcpfung mit Ihrem Computer oder anderen Ger\u00e4te und die Nachverfolgung gespeicherter Daten erm\u00f6glichen: Diese Cookies verkn\u00fcpfen sich mit dem auf Ihrem Computer oder anderen Ger\u00e4ten installierten Browsern, mit denen Sie unsere Website besucht haben.<\/p>\n<p>In Folge die Liste der auf unserer Website pr\u00e4senten Cookies Dritter f\u00fcr Marketing-\/Retargetingzwecke:<\/p>\n<p><script type=\"text\/javascript\" charset=\"UTF-8\" data-cookiescriptreport=\"report\" src=\"\/\/report.cookie-script.com\/r\/7a83aef736220a120c7039e74a5ff96c.js\"><\/script><\/p>\n<h2>Wie kann ich Cookies deaktivieren?<\/h2>\n<p>Die meisten Browser akzeptieren Cookies automatisch, aber Sie k\u00f6nnen sie auch deaktivieren. Wir empfehlen, diese Funktion nicht zu deaktivieren, da das Surfen auf der Website und die Nutzung der besonderen Eigenschaften der Website sonst ggf. beeintr\u00e4chtigt werden.<\/p>\n<p>Wenn Sie nicht m\u00f6chten, dass Ihr Computer Cookies erh\u00e4lt und speichert, k\u00f6nnen Sie die Sicherheitseinstellungen Ihres Browsers \u00e4ndern (Internet Explorer, Google Chrome, Safari usw.). Einige Abschnitte unserer Website k\u00f6nnen jedoch nur umfassend genutzt werden, wenn Ihr Browser Cookies akzeptiert. Ihre Entscheidung, Cookies zu entfernen und nicht zu akzeptieren, kann sich demnach negativ auf Ihren Besuch unserer Website auswirken.<\/p>\n<p>Sie k\u00f6nnen die Einstellungen Ihrer Cookies \u00fcber die Browser-Einstellungen \u00e4ndern. Hier kurze Anleitungen f\u00fcr die vier bekanntesten Browser:<\/p>\n<p><u>Microsoft Internet Explorer <\/u><\/p>\n<p>Klicken Sie auf die Ikone &#8218;Tools&#8216; in der oberen rechten Ecke und w\u00e4hlen Sie &#8218;Internet Optionen&#8216;. W\u00e4hlen Sie im Popup-Fenster &#8218;Datenschutz&#8216;. Hier k\u00f6nnen Sie Ihre Cookie-Einstellungen bearbeiten.<\/p>\n<p><u>Google Chrome <\/u><\/p>\n<p>Klicken Sie auf den Schraubenschl\u00fcssel in der oberen rechten Ecke und w\u00e4hlen Sie &#8218;Einstellungen&#8216;. W\u00e4hlen Sie dann &#8218;Erweitert\u2019 und \u00e4ndern Sie die Datenschutzeinstellungen.<\/p>\n<p><u>Mozilla Firefox <\/u><\/p>\n<p>W\u00e4hlen Sie im Aufklappmen\u00fc oben links &#8218;Optionen&#8216;. W\u00e4hlen Sie im Popup-Fenster &#8218;Datenschutz&#8216;. Hier k\u00f6nnen Sie Ihre Cookie-Einstellungen bearbeiten<\/p>\n<p><u>Safari <\/u><\/p>\n<p>W\u00e4hlen Sie im Aufklappmen\u00fc der Einstellungen oben rechts links &#8218;Favoriten&#8216;. W\u00e4hlen Sie &#8218;Sicherheit&#8216; und bearbeiten Sie hier Ihre Cookie-Einstellungen.<\/p>\n<p>F\u00fcr detaillierte Informationen \u00fcber den notwendigen Vorgang konsultieren Sie auch die Anleitung des Browsers. F\u00fcr einen \u00dcberblick \u00fcber die bekanntesten Browser besuchen Sie die Website <a href=\"http:\/\/www.cookiepedia.co.uk\/index.php?title=How_to_Manage_Cookies\">http:\/\/www.cookiepedia.co.uk\/index.php?title=How_to_Manage_Cookies<\/a> oder <a href=\"http:\/\/www.aboutcookies.org\/\">http:\/\/www.aboutcookies.org\/<\/a>.<\/p>\n<p>F\u00fcr weitere Informationen \u00fcber Cookies und die Verwaltung und das Deaktivieren von Cookies Dritter oder Marketing-\/Retargeting-Cookies besuchen Sie die Website www.youronlinechoices.com.<\/p>\n<p>F\u00fcr die Deaktivierung analytischer Cookies und, um Google Analytics an der Erfassung von Daten zu Ihrem Surfverhalten zu hindern, laden Sie die Zusatzkomponente des Browsers f\u00fcr die Deaktivierung von Google Analytics herunter: <a href=\"https:\/\/tools.google.com\/dlpage\/gaoptout\">https:\/\/tools.google.com\/dlpage\/gaoptout<\/a>.<\/p>\n<h2>Aufbewahrungsdauer der Daten<\/h2>\n<p>Die Cookies von Arena S.p.A. und durch Dritte verwaltete Cookies haben die in den entsprechenden Datenschutzerkl\u00e4rungen \u00fcber Cookies genannte Speicherdauer.<\/p>\n<p>F\u00fcr R\u00fcckfragen oder f\u00fcr die Aus\u00fcbung der Rechte wenden Sie sich an: privacy@arenasport.com<\/p>\n<p>Verantwortlicher ist Arena S.p.A., Contrada Cisterna, 84\/85, 62029 Tolentino (MC) Italien, Tel. +39 0733 956 200, Fax +39 0733 974 682, E-Mail: privacy@arenasport.com.<\/p>\n","protected":false},"excerpt":{"rendered":"<p>Cookies sind kleine Zeichenketten, die auf Ihrem Computer gespeichert werden, wenn Sie bestimmte Websites besuchen. Cookies sind nicht sch\u00e4dlich f\u00fcr Ihren Computer. Die von uns generierten Cookies speichern keine personenbezogenen &hellip;<\/p>\n","protected":false},"author":1264,"featured_media":0,"parent":0,"menu_order":0,"comment_status":"closed","ping_status":"closed","template":"","meta":[],"acf":[],"yoast_head":"<!-- This site is optimized with the Yoast SEO plugin v19.14 - https:\/\/yoast.com\/wordpress\/plugins\/seo\/ -->\n<title>Information \u00fcber Cookies - The arena swimming blog<\/title>\n<meta name=\"robots\" content=\"index, follow, max-snippet:-1, max-image-preview:large, max-video-preview:-1\" \/>\n<link rel=\"canonical\" href=\"https:\/\/blog.arenaswim.com\/de\/cookie-policy\/\" \/>\n<meta property=\"og:locale\" content=\"de_DE\" \/>\n<meta property=\"og:type\" content=\"article\" \/>\n<meta property=\"og:title\" content=\"Information \u00fcber Cookies - The arena swimming blog\" \/>\n<meta property=\"og:description\" content=\"Cookies sind kleine Zeichenketten, die auf Ihrem Computer gespeichert werden, wenn Sie bestimmte Websites besuchen. Cookies sind nicht sch\u00e4dlich f\u00fcr Ihren Computer. Die von uns generierten Cookies speichern keine personenbezogenen &hellip;\" \/>\n<meta property=\"og:url\" content=\"https:\/\/blog.arenaswim.com\/de\/cookie-policy\/\" \/>\n<meta property=\"og:site_name\" content=\"The arena swimming blog\" \/>\n<meta property=\"article:publisher\" content=\"https:\/\/www.facebook.com\/arenawaterinstinct\/\" \/>\n<meta property=\"article:modified_time\" content=\"2022-02-09T10:13:29+00:00\" \/>\n<meta name=\"twitter:card\" content=\"summary_large_image\" \/>\n<meta name=\"twitter:site\" content=\"@arenapeople\" \/>\n<meta name=\"twitter:label1\" content=\"Gesch\u00e4tzte Lesezeit\" \/>\n\t<meta name=\"twitter:data1\" content=\"7\u00a0Minuten\" \/>\n<script type=\"application\/ld+json\" class=\"yoast-schema-graph\">{\"@context\":\"https:\/\/schema.org\",\"@graph\":[{\"@type\":\"WebPage\",\"@id\":\"https:\/\/blog.arenaswim.com\/de\/cookie-policy\/\",\"url\":\"https:\/\/blog.arenaswim.com\/de\/cookie-policy\/\",\"name\":\"Information \u00fcber Cookies - The arena swimming blog\",\"isPartOf\":{\"@id\":\"https:\/\/blog.arenaswim.com\/en\/#website\"},\"datePublished\":\"2021-12-31T23:00:25+00:00\",\"dateModified\":\"2022-02-09T10:13:29+00:00\",\"breadcrumb\":{\"@id\":\"https:\/\/blog.arenaswim.com\/de\/cookie-policy\/#breadcrumb\"},\"inLanguage\":\"de\",\"potentialAction\":[{\"@type\":\"ReadAction\",\"target\":[\"https:\/\/blog.arenaswim.com\/de\/cookie-policy\/\"]}]},{\"@type\":\"BreadcrumbList\",\"@id\":\"https:\/\/blog.arenaswim.com\/de\/cookie-policy\/#breadcrumb\",\"itemListElement\":[{\"@type\":\"ListItem\",\"position\":1,\"name\":\"Home\",\"item\":\"https:\/\/blog.arenaswim.com\/en\/\"},{\"@type\":\"ListItem\",\"position\":2,\"name\":\"Information \u00fcber Cookies\"}]},{\"@type\":\"WebSite\",\"@id\":\"https:\/\/blog.arenaswim.com\/en\/#website\",\"url\":\"https:\/\/blog.arenaswim.com\/en\/\",\"name\":\"The arena swimming blog\",\"description\":\"\",\"publisher\":{\"@id\":\"https:\/\/blog.arenaswim.com\/en\/#organization\"},\"potentialAction\":[{\"@type\":\"SearchAction\",\"target\":{\"@type\":\"EntryPoint\",\"urlTemplate\":\"https:\/\/blog.arenaswim.com\/en\/?s={search_term_string}\"},\"query-input\":\"required name=search_term_string\"}],\"inLanguage\":\"de\"},{\"@type\":\"Organization\",\"@id\":\"https:\/\/blog.arenaswim.com\/en\/#organization\",\"name\":\"arena\",\"url\":\"https:\/\/blog.arenaswim.com\/en\/\",\"logo\":{\"@type\":\"ImageObject\",\"inLanguage\":\"de\",\"@id\":\"https:\/\/blog.arenaswim.com\/en\/#\/schema\/logo\/image\/\",\"url\":\"https:\/\/blog.arenaswim.com\/wp-content\/uploads\/2019\/07\/LOGO-ARENA-VERTICAL-POSITIVE.png\",\"contentUrl\":\"https:\/\/blog.arenaswim.com\/wp-content\/uploads\/2019\/07\/LOGO-ARENA-VERTICAL-POSITIVE.png\",\"width\":380,\"height\":268,\"caption\":\"arena\"},\"image\":{\"@id\":\"https:\/\/blog.arenaswim.com\/en\/#\/schema\/logo\/image\/\"},\"sameAs\":[\"http:\/\/instagram.com\/arenawaterinstinct\",\"https:\/\/www.pinterest.it\/arenawaterinstinct\/\",\"https:\/\/www.youtube.com\/arenapeople\",\"https:\/\/www.facebook.com\/arenawaterinstinct\/\",\"https:\/\/twitter.com\/arenapeople\"]}]}<\/script>\n<!-- \/ Yoast SEO plugin. -->","yoast_head_json":{"title":"Information \u00fcber Cookies - The arena swimming blog","robots":{"index":"index","follow":"follow","max-snippet":"max-snippet:-1","max-image-preview":"max-image-preview:large","max-video-preview":"max-video-preview:-1"},"canonical":"https:\/\/blog.arenaswim.com\/de\/cookie-policy\/","og_locale":"de_DE","og_type":"article","og_title":"Information \u00fcber Cookies - The arena swimming blog","og_description":"Cookies sind kleine Zeichenketten, die auf Ihrem Computer gespeichert werden, wenn Sie bestimmte Websites besuchen. Cookies sind nicht sch\u00e4dlich f\u00fcr Ihren Computer. Die von uns generierten Cookies speichern keine personenbezogenen &hellip;","og_url":"https:\/\/blog.arenaswim.com\/de\/cookie-policy\/","og_site_name":"The arena swimming blog","article_publisher":"https:\/\/www.facebook.com\/arenawaterinstinct\/","article_modified_time":"2022-02-09T10:13:29+00:00","twitter_card":"summary_large_image","twitter_site":"@arenapeople","twitter_misc":{"Gesch\u00e4tzte Lesezeit":"7\u00a0Minuten"},"schema":{"@context":"https:\/\/schema.org","@graph":[{"@type":"WebPage","@id":"https:\/\/blog.arenaswim.com\/de\/cookie-policy\/","url":"https:\/\/blog.arenaswim.com\/de\/cookie-policy\/","name":"Information \u00fcber Cookies - The arena swimming blog","isPartOf":{"@id":"https:\/\/blog.arenaswim.com\/en\/#website"},"datePublished":"2021-12-31T23:00:25+00:00","dateModified":"2022-02-09T10:13:29+00:00","breadcrumb":{"@id":"https:\/\/blog.arenaswim.com\/de\/cookie-policy\/#breadcrumb"},"inLanguage":"de","potentialAction":[{"@type":"ReadAction","target":["https:\/\/blog.arenaswim.com\/de\/cookie-policy\/"]}]},{"@type":"BreadcrumbList","@id":"https:\/\/blog.arenaswim.com\/de\/cookie-policy\/#breadcrumb","itemListElement":[{"@type":"ListItem","position":1,"name":"Home","item":"https:\/\/blog.arenaswim.com\/en\/"},{"@type":"ListItem","position":2,"name":"Information \u00fcber Cookies"}]},{"@type":"WebSite","@id":"https:\/\/blog.arenaswim.com\/en\/#website","url":"https:\/\/blog.arenaswim.com\/en\/","name":"The arena swimming blog","description":"","publisher":{"@id":"https:\/\/blog.arenaswim.com\/en\/#organization"},"potentialAction":[{"@type":"SearchAction","target":{"@type":"EntryPoint","urlTemplate":"https:\/\/blog.arenaswim.com\/en\/?s={search_term_string}"},"query-input":"required name=search_term_string"}],"inLanguage":"de"},{"@type":"Organization","@id":"https:\/\/blog.arenaswim.com\/en\/#organization","name":"arena","url":"https:\/\/blog.arenaswim.com\/en\/","logo":{"@type":"ImageObject","inLanguage":"de","@id":"https:\/\/blog.arenaswim.com\/en\/#\/schema\/logo\/image\/","url":"https:\/\/blog.arenaswim.com\/wp-content\/uploads\/2019\/07\/LOGO-ARENA-VERTICAL-POSITIVE.png","contentUrl":"https:\/\/blog.arenaswim.com\/wp-content\/uploads\/2019\/07\/LOGO-ARENA-VERTICAL-POSITIVE.png","width":380,"height":268,"caption":"arena"},"image":{"@id":"https:\/\/blog.arenaswim.com\/en\/#\/schema\/logo\/image\/"},"sameAs":["http:\/\/instagram.com\/arenawaterinstinct","https:\/\/www.pinterest.it\/arenawaterinstinct\/","https:\/\/www.youtube.com\/arenapeople","https:\/\/www.facebook.com\/arenawaterinstinct\/","https:\/\/twitter.com\/arenapeople"]}]}},"_links":{"self":[{"href":"https:\/\/blog.arenaswim.com\/de\/wp-json\/wp\/v2\/pages\/90368"}],"collection":[{"href":"https:\/\/blog.arenaswim.com\/de\/wp-json\/wp\/v2\/pages"}],"about":[{"href":"https:\/\/blog.arenaswim.com\/de\/wp-json\/wp\/v2\/types\/page"}],"author":[{"embeddable":true,"href":"https:\/\/blog.arenaswim.com\/de\/wp-json\/wp\/v2\/users\/1264"}],"replies":[{"embeddable":true,"href":"https:\/\/blog.arenaswim.com\/de\/wp-json\/wp\/v2\/comments?post=90368"}],"version-history":[{"count":2,"href":"https:\/\/blog.arenaswim.com\/de\/wp-json\/wp\/v2\/pages\/90368\/revisions"}],"predecessor-version":[{"id":90378,"href":"https:\/\/blog.arenaswim.com\/de\/wp-json\/wp\/v2\/pages\/90368\/revisions\/90378"}],"wp:attachment":[{"href":"https:\/\/blog.arenaswim.com\/de\/wp-json\/wp\/v2\/media?parent=90368"}],"curies":[{"name":"wp","href":"https:\/\/api.w.org\/{rel}","templated":true}]}}