{"id":90370,"date":"2022-01-01T00:00:39","date_gmt":"2021-12-31T23:00:39","guid":{"rendered":"https:\/\/blog.arenaswim.com\/?page_id=90370"},"modified":"2022-02-09T11:13:47","modified_gmt":"2022-02-09T10:13:47","slug":"informacion-cookies","status":"publish","type":"page","link":"https:\/\/blog.arenaswim.com\/es\/informacion-cookies\/","title":{"rendered":"Informaci\u00f3n acerca de las cookies"},"content":{"rendered":"<p>Las cookies son cadenas de texto o archivos de peque\u00f1as dimensiones que tu ordenador conserva cuando visitas determinadas p\u00e1ginas en internet.<\/p>\n<p>Las cookies no son perjudiciales para tu aparato.<\/p>\n<p>En las cookies que generamos, no conservamos informaciones de identificaci\u00f3n personal (por ejemplo, datos de tarjetas de cr\u00e9dito) sino que utilizamos informaciones encriptadas recogidas para mejorar la permanencia en el sitio. Por ejemplo, resultan \u00fatiles para identificar y solucionar errores.<\/p>\n<p>Las cookies pueden tener diferentes funciones, entre ellas la de permitir la navegaci\u00f3n por las varias p\u00e1ginas de manera eficaz, recordando las preferencias y mejorando, en general, la permanencia del usuario.<\/p>\n<p>Para m\u00e1s informaciones sobre las cookies, consulta las p\u00e1ginas web www.allaboutcookies.org y www.youronlinechoices.eu<\/p>\n<p>Arena S.p.A. se reserva, pues, el derecho de utilizar cookies, con el consentimiento del usuaria cuando la ley o los reglamentos aplicables lo impongan, para facilitar la navegaci\u00f3n por los sitios de su propiedad o control, y personalizar las informaciones que aparecer\u00e1n. Arena S.p.A. se reserva tambi\u00e9n el derecho de utilizar sistemas similares para recoger informaciones sobre los usuarios de los sitios, por ejemplo la direcci\u00f3n IP, tipo de navegador y sistema operativo utilizado o las p\u00e1ginas web visitadas por un usuario, con fines estad\u00edsticos o de seguridad. Arena S.p.A. podr\u00e1 recoger estas informaciones para rastrear el uso de los sitios y mejorar determinados aspectos de los mismos.<\/p>\n<p>Destacamos que, para consultar el sitio Arena Swim (blog.arenaswim.com), es necesario que las cookies est\u00e9n habilitadas. Si no quieres aceptar las cookies, podr\u00e1s navegar por el sitio y efectuar tus b\u00fasquedas, pero la navegaci\u00f3n podr\u00eda verse afectada puesto que algunas funciones estar\u00edan inhabilitadas. En la mayor parte de los navegadores donde est\u00e1n habilitadas las cookies, encontrar\u00e1s las informaciones necesarias para modificar la configuraci\u00f3n de las cookies.<\/p>\n<p>A continuaci\u00f3n, ilustramos brevemente el modo c\u00f3mo Arena S.p.A. utiliza las cookies y otros instrumentos similares.<\/p>\n<h2>Cookies de navegaci\u00f3n o sesi\u00f3n<\/h2>\n<p>Estas cookies son fundamentales para tu desplazamiento dentro del sitio y para usar sus funciones, por ejemplo el acceso a las \u00e1reas reservadas del sitio. Sin estas cookies, no podr\u00edamos brindarte los servicios que pides y que este sitio ofrece.<\/p>\n<p>Las cookies estrictamente necesarias se utilizan para memorizar un identificador un\u00edvoco para la gesti\u00f3n e identificaci\u00f3n de un \u00fanico usuario con respecto a todos los dem\u00e1s usuarios que en ese momento est\u00e1n visitando el sitio, con la finalidad de ofrecer al usuario un servicio coherente y puntual.<\/p>\n<p>Ejemplos<\/p>\n<ul>\n<li>Recordar de acciones anteriores (por ejemplo un texto introducido) al retroceder hacia una p\u00e1gina precedente durante la misma sesi\u00f3n de navegaci\u00f3n;<\/li>\n<li>Gesti\u00f3n y traslado de testigos de seguridad a diferentes servicios dentro de un sitio internet para identificar la condici\u00f3n del visitante (por ejemplo, registrado o no registrado);<\/li>\n<li>Mantener los testigos para implementar \u00e1reas reservadas del sitio internet;<\/li>\n<li>Dirigir a los clientes hacia versiones o aplicaciones espec\u00edficas de un servicio, cosa que podr\u00eda resultar necesaria durante una migraci\u00f3n t\u00e9cnica.<\/li>\n<\/ul>\n<h2>Cookies de rendimiento<\/h2>\n<p>Estas cookies pueden pertenecer a Arena S.p.A. o a sitios asociados, ser de sesi\u00f3n o persistentes. Su utilizo se limita a la prestaci\u00f3n y a mejorar el sitio internet. Estas cookies recogen informaci\u00f3n sobre el modo en que un visitante usa el sitio, qu\u00e9 paginas visita, por ejemplo. No recopilan informaci\u00f3n que pueda identificar al usuario. Las informaciones recogidas por estas cookies se agrupan de manera an\u00f3nima y se utilizan \u00fanicamente para mejorar la funcionalidad del sitio.<\/p>\n<p>Ejemplos:<\/p>\n<ul>\n<li>Anal\u00edtica web: se recogen \u00fanicamente los datos que sirven para el uso del sitio internet por parte del operador, para manejar las prestaciones y la estructura del sitio. Estas cookies pueden ser de terceros, pero las informaciones las utilizar\u00e1 exclusivamente quien se ocupa de la publicaci\u00f3n del sitio internet que se est\u00e1 visitando;<\/li>\n<li>Rastreo de afiliados por parte de asociados de Arena Swo, (blog.arenaswim.com): las cookies son introducidas por asociados y utilizadas por estos exclusivamente para saber si el usuario procedente de otro sitio ha realizado ciertas acciones en Arena Swim (blog.arenaswim.com);<\/li>\n<li>Gesti\u00f3n de errores: evaluaci\u00f3n de los errores que se producen en el sitio. Normalmente, esta funci\u00f3n es de apoyo y sirve para mejorar los servicios o la gesti\u00f3n de reclamaciones y estar\u00e1 estrechamente relacionada con la anal\u00edtica web;<\/li>\n<li>Prueba de diferentes estructuras de las p\u00e1ginas del sitio: pruebas de las variaciones de la estructura, habitualmente a trav\u00e9s de pruebas A\/B o de variables m\u00faltiples para garantizar que en la sesi\u00f3n actual o en las sucesivas se conserve un aspecto coherente ante el usuario del sitio.<\/li>\n<\/ul>\n<h2>Cookies funcionales<\/h2>\n<p>Estas cookies pueden ser de Arena S.p.A. o de asociados, durar solo una sesi\u00f3n o ser persistentes. Normalmente, estas cookies son consecuencia de una acci\u00f3n del usuario pero tambi\u00e9n pueden implementarse durante el suministro de un servicio que el cliente no ha pedido expresamente sino que le ha sido ofrecido. Se pueden utilizar tambi\u00e9n para evitar ofrecer nuevamente a un usuario dado un servicio que se le ofreci\u00f3 con anterioridad y que el usuario rechaz\u00f3. Adem\u00e1s, a trav\u00e9s de estas cookies el sitio recuerda las preferencias del usuario (por ejemplo su nombre, el idioma, el pa\u00eds de origen y otros). Las informaciones recogidas mediante estas cookies son an\u00f3nimas y no pueden rastrear el comportamiento del usuario en otros sitios.<\/p>\n<p>Ejemplos:<\/p>\n<ul>\n<li>recordar las configuraciones usadas por un usuario en un sitio internet, por ejemplo disposici\u00f3n, medida de los caracteres, preferencias, color y otros;<\/li>\n<li>recordar una preferencia para que no se pida rellenar un cuestionario por segunda vez;<\/li>\n<li>comprobar si ya se ha ofrecido un servicio, por ejemplo un tutorial para visitas sucesivas del sitio internet;<\/li>\n<li>proporcionar informaciones que permitan el funcionamiento de un servicio optativo, por ejemplo la oferta de una sesi\u00f3n de live chat;<\/li>\n<li>satisfacer un pedido del usuario, por ejemplo la presentaci\u00f3n de un comentario.<\/li>\n<\/ul>\n<h2>Cookies de terceros con finalidades de marketing y reasignaci\u00f3n<\/h2>\n<p>Estas cookies son utilizadas por asociados de Arena S.p.A. con la finalidad de presentarte banner publicitarios de Arena S.p.A. mientras navegas por otros sitios, y mostrarte los \u00faltimos productos o servicios que has visto en los sitios de Arena S.p.A. Mientras navegas por el sitio de Arena S.p.A., se utilizan estas cookies para mostrarte productos o servicios que podr\u00edan interesarte o similares a los que has visto con anterioridad, seg\u00fan tu cronolog\u00eda de navegaci\u00f3n.<\/p>\n<p>El empleo de estas cookies no implica el tratamiento de datos personales, pero puede permitir la conexi\u00f3n a tu ordenador o a otros dispositivos y rastrear los datos guardados: son cookies que se conectan al navegador instalado en tu ordenador o en otros dispositivos utilizados durante la navegaci\u00f3n por nuestro sitio.<\/p>\n<p>A continuaci\u00f3n, te damos una lista de las cookies de terceros presentes en nuestro sitio con finalidad de marketing y reasignaci\u00f3n:<\/p>\n<p><script type=\"text\/javascript\" charset=\"UTF-8\" data-cookiescriptreport=\"report\" src=\"\/\/report.cookie-script.com\/r\/7a83aef736220a120c7039e74a5ff96c.js\"><\/script><\/p>\n<h2>\u00bfC\u00f3mo puedo inhabilitar las cookies?<\/h2>\n<p>La mayor parte de los navegadores acepta las cookies autom\u00e1ticamente, pero t\u00fa puedes decidir no aceptarlas. Te aconsejamos que no inhabilites esta funci\u00f3n, puesto que podr\u00eda impedirte el libre movimiento de una p\u00e1gina a otra y disfrutar de todo lo que te ofrece el sitio.<\/p>\n<p>Si no quieres que tu ordenador reciba y memorice cookies, puedes modificar las configuraciones de seguridad de tu navegador (Internet Explorer, Google Chrome, Safari y otros). Sea como fuere, te se\u00f1alamos que algunas partes de nuestro sitio se pueden utilizar plenamente \u00fanicamente si tu navegador acepta las cookies. Tu decisi\u00f3n de eliminar y no aceptar cookies podr\u00eda influir negativamente sobre tu permanencia en el sitio.<\/p>\n<p>Si deseas modificar las configuraciones de tus cookies a trav\u00e9s de las configuraciones de los diferentes navegadores, a continuaci\u00f3n te damos breves instrucciones sobre c\u00f3mo hacerlo en los cuatro navegadores m\u00e1s difundidos:<\/p>\n<p><u>Microsoft Internet Explorer <\/u><\/p>\n<p>Haz clic en el icono \u00abInstrumentos\u00bb ubicado en la esquina superior derecha y selecciona \u00abOpciones internet\u00bb. Se abre una ventana emergente donde debes seleccionar \u00abPrivacidad\u00bb y podr\u00e1s ajustar las configuraciones de las cookies.<\/p>\n<p><u>Google Chrome <\/u><\/p>\n<p>Haz clic en la llave inglesa ubicada en la esquina superior derecha y selecciona \u00abConfiguraciones\u00bb. Luego, selecciona \u00abMostrar configuraciones avanzadas\u00bb y cambia la configuraci\u00f3n de la privacidad.<\/p>\n<p><u>Mozilla Firefox <\/u><\/p>\n<p>En el men\u00fa desplegable, en la esquina superior izquierda, selecciona \u00abOpciones\u00bb. Se abre una finestra emergente donde, seleccionando \u00abPrivacidad\u00bb, puedes ajustar las configuraciones de las cookies.<\/p>\n<p><u>Safari <\/u><\/p>\n<p>En el men\u00fa desplegable de configuraci\u00f3n ubicado en la esquina superior derecha, selecciona \u00abPreferencias\u00bb, luego \u00abSeguridad\u00bb y ajusta las configuraciones de las cookies.<\/p>\n<p>Si buscas informaciones detalladas acerca del procedimiento de configuraci\u00f3n, consulta la gu\u00eda del navegador. Si deseas un panorama de los navegadores m\u00e1s comunes, visita el sitio <a href=\"http:\/\/www.cookiepedia.co.uk\/index.php?title=How_to_Manage_Cookies\">http:\/\/www.cookiepedia.co.uk\/index.php?title=How_to_Manage_Cookies<\/a> o bien <a href=\"http:\/\/www.aboutcookies.org\/\">http:\/\/www.aboutcookies.org\/<\/a>.<\/p>\n<p>Para saber m\u00e1s acerca de las cookies y c\u00f3mo administrarlas o inhabilitar las de terceros o las de marketing y reasignaci\u00f3n, puedes consultar el sitio www.youronlinechoices.com.<\/p>\n<p>Para inhabilitar las cookies anal\u00edticas e impedir de este modo que Google Analytics recoja datos sobre tu navegaci\u00f3n, puedes descargar el componente suplementario del navegador para desactivar Google Analytics: <a href=\"https:\/\/tools.google.com\/dlpage\/gaoptout\">https:\/\/tools.google.com\/dlpage\/gaoptout<\/a>.<\/p>\n<h2>Tiempo de conservaci\u00f3n de los datos<\/h2>\n<p>Las cookies de Arena S.p.A. y las cookies administradas por terceros tienen los tiempos de conservaci\u00f3n que se especifican en las respectivas informaciones sobre las cookies.<\/p>\n<p>Para pedir informaciones o ejercer tus derechos, dir\u00edgete a: privacy@arenasport.com<\/p>\n<p>El Responsable del tratamiento es Arena S.p.A., Contrada Cisterna, 84\/85, 62029 Tolentino (MC) Italia, tel. +39 0733 956 200, fax +39 0733 974 682, e-mail: privacy@arenasport.com<\/p>\n","protected":false},"excerpt":{"rendered":"<p>Las cookies son cadenas de texto o archivos de peque\u00f1as dimensiones que tu ordenador conserva cuando visitas determinadas p\u00e1ginas en internet. Las cookies no son perjudiciales para tu aparato. En &hellip;<\/p>\n","protected":false},"author":1264,"featured_media":0,"parent":0,"menu_order":0,"comment_status":"closed","ping_status":"closed","template":"","meta":[],"acf":[],"yoast_head":"<!-- This site is optimized with the Yoast SEO plugin v19.14 - https:\/\/yoast.com\/wordpress\/plugins\/seo\/ -->\n<title>Informaci\u00f3n acerca de las cookies - The arena swimming blog<\/title>\n<meta name=\"robots\" content=\"index, follow, max-snippet:-1, max-image-preview:large, max-video-preview:-1\" \/>\n<link rel=\"canonical\" href=\"https:\/\/blog.arenaswim.com\/es\/informacion-cookies\/\" \/>\n<meta property=\"og:locale\" content=\"es_ES\" \/>\n<meta property=\"og:type\" content=\"article\" \/>\n<meta property=\"og:title\" content=\"Informaci\u00f3n acerca de las cookies - The arena swimming blog\" \/>\n<meta property=\"og:description\" content=\"Las cookies son cadenas de texto o archivos de peque\u00f1as dimensiones que tu ordenador conserva cuando visitas determinadas p\u00e1ginas en internet. Las cookies no son perjudiciales para tu aparato. En &hellip;\" \/>\n<meta property=\"og:url\" content=\"https:\/\/blog.arenaswim.com\/es\/informacion-cookies\/\" \/>\n<meta property=\"og:site_name\" content=\"The arena swimming blog\" \/>\n<meta property=\"article:publisher\" content=\"https:\/\/www.facebook.com\/arenawaterinstinct\/\" \/>\n<meta property=\"article:modified_time\" content=\"2022-02-09T10:13:47+00:00\" \/>\n<meta name=\"twitter:card\" content=\"summary_large_image\" \/>\n<meta name=\"twitter:site\" content=\"@arenapeople\" \/>\n<meta name=\"twitter:label1\" content=\"Tiempo de lectura\" \/>\n\t<meta name=\"twitter:data1\" content=\"7 minutos\" \/>\n<script type=\"application\/ld+json\" class=\"yoast-schema-graph\">{\"@context\":\"https:\/\/schema.org\",\"@graph\":[{\"@type\":\"WebPage\",\"@id\":\"https:\/\/blog.arenaswim.com\/es\/informacion-cookies\/\",\"url\":\"https:\/\/blog.arenaswim.com\/es\/informacion-cookies\/\",\"name\":\"Informaci\u00f3n acerca de las cookies - The arena swimming blog\",\"isPartOf\":{\"@id\":\"https:\/\/blog.arenaswim.com\/en\/#website\"},\"datePublished\":\"2021-12-31T23:00:39+00:00\",\"dateModified\":\"2022-02-09T10:13:47+00:00\",\"breadcrumb\":{\"@id\":\"https:\/\/blog.arenaswim.com\/es\/informacion-cookies\/#breadcrumb\"},\"inLanguage\":\"es\",\"potentialAction\":[{\"@type\":\"ReadAction\",\"target\":[\"https:\/\/blog.arenaswim.com\/es\/informacion-cookies\/\"]}]},{\"@type\":\"BreadcrumbList\",\"@id\":\"https:\/\/blog.arenaswim.com\/es\/informacion-cookies\/#breadcrumb\",\"itemListElement\":[{\"@type\":\"ListItem\",\"position\":1,\"name\":\"Home\",\"item\":\"https:\/\/blog.arenaswim.com\/en\/\"},{\"@type\":\"ListItem\",\"position\":2,\"name\":\"Informaci\u00f3n acerca de las cookies\"}]},{\"@type\":\"WebSite\",\"@id\":\"https:\/\/blog.arenaswim.com\/en\/#website\",\"url\":\"https:\/\/blog.arenaswim.com\/en\/\",\"name\":\"The arena swimming blog\",\"description\":\"\",\"publisher\":{\"@id\":\"https:\/\/blog.arenaswim.com\/en\/#organization\"},\"potentialAction\":[{\"@type\":\"SearchAction\",\"target\":{\"@type\":\"EntryPoint\",\"urlTemplate\":\"https:\/\/blog.arenaswim.com\/en\/?s={search_term_string}\"},\"query-input\":\"required name=search_term_string\"}],\"inLanguage\":\"es\"},{\"@type\":\"Organization\",\"@id\":\"https:\/\/blog.arenaswim.com\/en\/#organization\",\"name\":\"arena\",\"url\":\"https:\/\/blog.arenaswim.com\/en\/\",\"logo\":{\"@type\":\"ImageObject\",\"inLanguage\":\"es\",\"@id\":\"https:\/\/blog.arenaswim.com\/en\/#\/schema\/logo\/image\/\",\"url\":\"https:\/\/blog.arenaswim.com\/wp-content\/uploads\/2019\/07\/LOGO-ARENA-VERTICAL-POSITIVE.png\",\"contentUrl\":\"https:\/\/blog.arenaswim.com\/wp-content\/uploads\/2019\/07\/LOGO-ARENA-VERTICAL-POSITIVE.png\",\"width\":380,\"height\":268,\"caption\":\"arena\"},\"image\":{\"@id\":\"https:\/\/blog.arenaswim.com\/en\/#\/schema\/logo\/image\/\"},\"sameAs\":[\"http:\/\/instagram.com\/arenawaterinstinct\",\"https:\/\/www.pinterest.it\/arenawaterinstinct\/\",\"https:\/\/www.youtube.com\/arenapeople\",\"https:\/\/www.facebook.com\/arenawaterinstinct\/\",\"https:\/\/twitter.com\/arenapeople\"]}]}<\/script>\n<!-- \/ Yoast SEO plugin. -->","yoast_head_json":{"title":"Informaci\u00f3n acerca de las cookies - The arena swimming blog","robots":{"index":"index","follow":"follow","max-snippet":"max-snippet:-1","max-image-preview":"max-image-preview:large","max-video-preview":"max-video-preview:-1"},"canonical":"https:\/\/blog.arenaswim.com\/es\/informacion-cookies\/","og_locale":"es_ES","og_type":"article","og_title":"Informaci\u00f3n acerca de las cookies - The arena swimming blog","og_description":"Las cookies son cadenas de texto o archivos de peque\u00f1as dimensiones que tu ordenador conserva cuando visitas determinadas p\u00e1ginas en internet. Las cookies no son perjudiciales para tu aparato. En &hellip;","og_url":"https:\/\/blog.arenaswim.com\/es\/informacion-cookies\/","og_site_name":"The arena swimming blog","article_publisher":"https:\/\/www.facebook.com\/arenawaterinstinct\/","article_modified_time":"2022-02-09T10:13:47+00:00","twitter_card":"summary_large_image","twitter_site":"@arenapeople","twitter_misc":{"Tiempo de lectura":"7 minutos"},"schema":{"@context":"https:\/\/schema.org","@graph":[{"@type":"WebPage","@id":"https:\/\/blog.arenaswim.com\/es\/informacion-cookies\/","url":"https:\/\/blog.arenaswim.com\/es\/informacion-cookies\/","name":"Informaci\u00f3n acerca de las cookies - The arena swimming blog","isPartOf":{"@id":"https:\/\/blog.arenaswim.com\/en\/#website"},"datePublished":"2021-12-31T23:00:39+00:00","dateModified":"2022-02-09T10:13:47+00:00","breadcrumb":{"@id":"https:\/\/blog.arenaswim.com\/es\/informacion-cookies\/#breadcrumb"},"inLanguage":"es","potentialAction":[{"@type":"ReadAction","target":["https:\/\/blog.arenaswim.com\/es\/informacion-cookies\/"]}]},{"@type":"BreadcrumbList","@id":"https:\/\/blog.arenaswim.com\/es\/informacion-cookies\/#breadcrumb","itemListElement":[{"@type":"ListItem","position":1,"name":"Home","item":"https:\/\/blog.arenaswim.com\/en\/"},{"@type":"ListItem","position":2,"name":"Informaci\u00f3n acerca de las cookies"}]},{"@type":"WebSite","@id":"https:\/\/blog.arenaswim.com\/en\/#website","url":"https:\/\/blog.arenaswim.com\/en\/","name":"The arena swimming blog","description":"","publisher":{"@id":"https:\/\/blog.arenaswim.com\/en\/#organization"},"potentialAction":[{"@type":"SearchAction","target":{"@type":"EntryPoint","urlTemplate":"https:\/\/blog.arenaswim.com\/en\/?s={search_term_string}"},"query-input":"required name=search_term_string"}],"inLanguage":"es"},{"@type":"Organization","@id":"https:\/\/blog.arenaswim.com\/en\/#organization","name":"arena","url":"https:\/\/blog.arenaswim.com\/en\/","logo":{"@type":"ImageObject","inLanguage":"es","@id":"https:\/\/blog.arenaswim.com\/en\/#\/schema\/logo\/image\/","url":"https:\/\/blog.arenaswim.com\/wp-content\/uploads\/2019\/07\/LOGO-ARENA-VERTICAL-POSITIVE.png","contentUrl":"https:\/\/blog.arenaswim.com\/wp-content\/uploads\/2019\/07\/LOGO-ARENA-VERTICAL-POSITIVE.png","width":380,"height":268,"caption":"arena"},"image":{"@id":"https:\/\/blog.arenaswim.com\/en\/#\/schema\/logo\/image\/"},"sameAs":["http:\/\/instagram.com\/arenawaterinstinct","https:\/\/www.pinterest.it\/arenawaterinstinct\/","https:\/\/www.youtube.com\/arenapeople","https:\/\/www.facebook.com\/arenawaterinstinct\/","https:\/\/twitter.com\/arenapeople"]}]}},"_links":{"self":[{"href":"https:\/\/blog.arenaswim.com\/es\/wp-json\/wp\/v2\/pages\/90370"}],"collection":[{"href":"https:\/\/blog.arenaswim.com\/es\/wp-json\/wp\/v2\/pages"}],"about":[{"href":"https:\/\/blog.arenaswim.com\/es\/wp-json\/wp\/v2\/types\/page"}],"author":[{"embeddable":true,"href":"https:\/\/blog.arenaswim.com\/es\/wp-json\/wp\/v2\/users\/1264"}],"replies":[{"embeddable":true,"href":"https:\/\/blog.arenaswim.com\/es\/wp-json\/wp\/v2\/comments?post=90370"}],"version-history":[{"count":3,"href":"https:\/\/blog.arenaswim.com\/es\/wp-json\/wp\/v2\/pages\/90370\/revisions"}],"predecessor-version":[{"id":90379,"href":"https:\/\/blog.arenaswim.com\/es\/wp-json\/wp\/v2\/pages\/90370\/revisions\/90379"}],"wp:attachment":[{"href":"https:\/\/blog.arenaswim.com\/es\/wp-json\/wp\/v2\/media?parent=90370"}],"curies":[{"name":"wp","href":"https:\/\/api.w.org\/{rel}","templated":true}]}}