{"id":90366,"date":"2022-01-01T00:00:05","date_gmt":"2021-12-31T23:00:05","guid":{"rendered":"https:\/\/blog.arenaswim.com\/?page_id=90366"},"modified":"2022-02-09T11:13:17","modified_gmt":"2022-02-09T10:13:17","slug":"information-cookies","status":"publish","type":"page","link":"https:\/\/blog.arenaswim.com\/fr\/information-cookies\/","title":{"rendered":"Note d\u2019information sur les Cookies"},"content":{"rendered":"<p>Les cookies sont des cha\u00eenes de texte de petites dimensions conserv\u00e9es dans votre ordinateur quand vous visitez certaines pages sur internet.<\/p>\n<p>Les cookies ne sont pas dangereux pour votre ordinateur.<\/p>\n<p>Dans les cookies que nous g\u00e9n\u00e9rons, nous ne conservons pas d\u2019informations d\u2019identification personnelle, comme par exemple, des d\u00e9tails sur les cartes de cr\u00e9dit, mais nous utilisons des informations crypt\u00e9es collect\u00e9es par ces derniers pour am\u00e9liorer la navigation sur le site. Par exemple, ils sont utiles pour identifier et corriger les erreurs.<\/p>\n<p>Les cookies peuvent avoir plusieurs fonctions, comme, par exemple, permettre de naviguer entre les diff\u00e9rentes pages de mani\u00e8re efficace, en rappelant les pr\u00e9f\u00e9rences, et en g\u00e9n\u00e9ral, ils peuvent am\u00e9liorer la navigation de l\u2019utilisateur.<\/p>\n<p>Il est possible d\u2019obtenir des informations suppl\u00e9mentaires sur les cookies sur les sites : www.allaboutcookies.org et www.youronlinechoices.eu.<\/p>\n<p>Arena S.p.A. se r\u00e9serve donc le droit d\u2019utiliser les cookies, avec le consentement de l\u2019utilisateur l\u00e0 o\u00f9 la loi ou les r\u00e8glements applicables \u00e9tablissent cette n\u00e9cessit\u00e9, pour faciliter la navigation sur les sites de sa propri\u00e9t\u00e9 et\/ou sous son contr\u00f4le et personnaliser les informations qui appara\u00eetront. En outre, Arena S.p.A. se r\u00e9serve le droit d\u2019utiliser des syst\u00e8mes similaires pour collecter des informations sur les utilisateurs des sites, comme, par exemple, l\u2019adresse IP, le type de navigateur web et le syst\u00e8me op\u00e9rationnel utilis\u00e9 et\/ou les pages web visit\u00e9es par un utilisateur, pour des finalit\u00e9s statistiques ou de s\u00e9curit\u00e9. Arena S.p.A. pourra collecter ces informations pour tracer l\u2019utilisation des sites et en am\u00e9liorer certains aspects.<\/p>\n<p>Nous signalons que pour consulter le site Arena Swim (blog.arenaswim.com), il est n\u00e9cessaire que les cookies soient activ\u00e9s. Si vous n\u2019acceptez pas les cookies, vous pourrez quand m\u00eame naviguer sur le site et l\u2019utiliser pour des finalit\u00e9s de recherche, mais la navigation pourrait ne pas fonctionner correctement l\u00e0 o\u00f9 certaines fonctionnalit\u00e9s pourraient \u00eatre d\u00e9sactiv\u00e9es. Dans la majeure partie des navigateurs web dans lesquels les cookies sont activ\u00e9s, vous trouverez les informations n\u00e9cessaires pour modifier les param\u00e9trages des cookies.<\/p>\n<p>On reporte ci-dessous une br\u00e8ve illustration de la fa\u00e7on dont Arena S.p.A. utilise les cookies et les instruments similaires.<\/p>\n<h2>Cookies de navigation<\/h2>\n<p>Ces cookies sont fondamentaux pour vous permettre de naviguer \u00e0 l\u2019int\u00e9rieur du site et pour utiliser ses fonctionnalit\u00e9s, comme, par exemple, acc\u00e9der aux zones r\u00e9serv\u00e9es du site internet. Sans ces cookies, les services demand\u00e9s et que notre site propose ne peuvent pas \u00eatre fournis.<\/p>\n<p>Les cookies strictement n\u00e9cessaires sont utilis\u00e9s pour m\u00e9moriser un identificateur unique afin de g\u00e9rer et d\u2019identifier l\u2019utilisateur qui est unique par rapport aux autres utilisateurs qui, au m\u00eame moment, sont en train de visiter le site, dans le but de fournir \u00e0 l\u2019utilisateur un service coh\u00e9rent et pr\u00e9cis.<\/p>\n<p>&nbsp;<\/p>\n<p>Par exemple :<\/p>\n<ul>\n<li>Le rappel d\u2019actions pr\u00e9c\u00e9dentes (par exemple, texte saisi) pendant la navigation en remontant vers une page dans la m\u00eame session ;<\/li>\n<li>Gestion et passage de gages de s\u00e9curit\u00e9 \u00e0 diff\u00e9rents services \u00e0 l\u2019int\u00e9rieur d\u2019un site internet pour identifier le statut du visitateur (par exemple, enregistr\u00e9 ou non enregistr\u00e9) ;<\/li>\n<li>Maintien des gages pour la mise en place de zones r\u00e9serv\u00e9es du site internet ;<\/li>\n<li>Guidage des clients vers des versions\/applications sp\u00e9cifiques d\u2019un service, comme cela pourrait \u00eatre n\u00e9cessaire pendant une migration technique.<\/li>\n<\/ul>\n<h2>Cookies de performance<\/h2>\n<p>Ces cookies peuvent provenir d\u2019Arena S.p.A. ou de sites partenaires, il peut s\u2019agir de cookies de session ou persistants, leur utilisation est limit\u00e9e \u00e0 la performance et \u00e0 l\u2019am\u00e9lioration du site internet. Ces cookies collectent des informations sur la fa\u00e7on dont un visiteur utilise le site, comme, par exemple, les pages visit\u00e9es. Ces cookies ne collectent pas d\u2019informations qui peuvent identifier l\u2019utilisateur. Toutes les informations collect\u00e9es par ces cookies sont agr\u00e9g\u00e9es sous forme anonyme et elles sont utilis\u00e9es seulement pour am\u00e9liorer la fonctionnalit\u00e9 du site.<\/p>\n<p>Par exemple :<\/p>\n<ul>\n<li>Mesure de l\u2019audience du site (Web Analytics), les donn\u00e9es collect\u00e9es sont limit\u00e9es seulement \u00e0 l\u2019utilisation du site internet par l\u2019op\u00e9rateur, pour g\u00e9rer la performance et la structure du site. Ces cookies peuvent \u00eatre des cookies tiers, mais les informations seront utilis\u00e9es exclusivement par qui s\u2019occupe de la publication du site internet visit\u00e9 ;<\/li>\n<li>Tra\u00e7age des affili\u00e9s par des partenaires d\u2019Arena Swim (blog.arenaswim.com) \u2014 les cookies sont introduits par les Partenaires et utilis\u00e9s par ces derniers exclusivement pour savoir si l\u2019utilisateur provenant d\u2019un autre site a effectu\u00e9 certaines actions sur Arena Swim (blog.arenaswim.com) ;<\/li>\n<li>Gestion des erreurs \u2014 Mesure des erreurs qui se pr\u00e9sentent sur le site, d\u2019habitude, cette fonction aidera \u00e0 l\u2019am\u00e9lioration des services ou \u00e0 la gestion des r\u00e9clamations et sera, en g\u00e9n\u00e9ral, strictement li\u00e9e \u00e0 la mesure de l\u2019audience du site ;<\/li>\n<li>Tester diff\u00e9rentes structures des pages du site \u2014 Test sur les variations de la structure, en utilisant d\u2019habitudes les tests A\/B ou multi-variables, pour assurer que dans les sessions en cours et suivantes, un aspect coh\u00e9rent soit conserv\u00e9 pour l\u2019utilisateur du site.<\/li>\n<\/ul>\n<h2>Cookies fonctionnels<\/h2>\n<p>Ces cookies peuvent provenir d\u2019Arena S.p.A. ou de ses partenaires, avoir la dur\u00e9e d\u2019une session ou \u00eatre persistants. D\u2019habitude, ces cookies sont d\u00e9clench\u00e9s par une action de l\u2019utilisateur, mais ils peuvent \u00eatre mis en place \u00e9galement dans la fourniture d\u2019un service non explicitement demand\u00e9 mais offert \u00e0 l\u2019utilisateur. Ils peuvent \u00e9galement \u00eatre utilis\u00e9s pour \u00e9viter d\u2019offrir au m\u00eame utilisateur un service offert et refus\u00e9 pr\u00e9c\u00e9demment. En outre, ces cookies permettent au site de rappeler les choix de l\u2019utilisateur (comme, par exemple, le nom d\u2019utilisateur, la langue, le pays d\u2019origine, etc\u2026). Les informations collect\u00e9es par ces cookies sont anonymes et ne peuvent pas tracer le comportement de l\u2019utilisateur sur d\u2019autres sites.<\/p>\n<p>Par exemple :<\/p>\n<ul>\n<li>rappeler les param\u00e9trages qu\u2019un utilisateur a appliqu\u00e9 \u00e0 un site internet comme, par exemple, la pr\u00e9sentation, la dimension de la police, les pr\u00e9f\u00e9rences, la couleur, etc.. ;<\/li>\n<li>rappeler un choix de fa\u00e7on qu\u2019il ne soit plus demand\u00e9 de remplir un questionnaire ;<\/li>\n<li>relever si un service a d\u00e9j\u00e0 \u00e9t\u00e9 offert comme, par exemple, l\u2019offre d\u2019un tutoriel pour les visites ult\u00e9rieures du site internet ;<\/li>\n<li>fournir des informations de fa\u00e7on \u00e0 permettre le fonctionnement d\u2019un service optionnel comme, par exemple, l\u2019offre d\u2019une session de chat en direct ;<\/li>\n<li>ex\u00e9cution d\u2019une demande de l\u2019utilisateur comme, par exemple, la pr\u00e9sentation d\u2019un commentaire.<\/li>\n<\/ul>\n<h2>Cookies tiers pour le marketing\/recyblage<\/h2>\n<p>Ces cookies sont utilis\u00e9s par les partenaires d\u2019Arena S.p.A. afin de vous pr\u00e9senter des banni\u00e8res publicitaires d\u2019Arena S.p.A. quand vous naviguez sur d\u2019autres sites, en vous montrant les derniers produits our services que vous avez regard\u00e9s sur les sites d\u2019Arena S.p.A.. Pendant que vous naviguez sur le site d\u2019Arena S.p.A., ces cookies sont utilis\u00e9s \u00e9galement pour vous montrer les produits ou les services qui pourraient vous int\u00e9resser ou qui sont similaires \u00e0 ceux que vous avez regard\u00e9s pr\u00e9c\u00e9demment, en se basant sur votre chronologie de navigation.<\/p>\n<p>L&rsquo;utilisation de ces cookies n\u2019implique pas le traitement de donn\u00e9es personnelles, mais elle peut permettre la connexion \u00e0 votre ordinateur ou \u00e0 d\u2019autres dispositifs et retrouver les donn\u00e9es sauvegard\u00e9es : ces cookies se connectent au navigateur install\u00e9 sur votre ordinateur ou sur d\u2019autres dispositifs utilis\u00e9s pendant la navigation sur notre site.<\/p>\n<p>Vous trouverez ci-dessous une liste des cookies tiers pour des finalit\u00e9s de marketing\/recyblage pr\u00e9sents sur notre site :<\/p>\n<p><script type=\"text\/javascript\" charset=\"UTF-8\" data-cookiescriptreport=\"report\" src=\"\/\/report.cookie-script.com\/r\/7a83aef736220a120c7039e74a5ff96c.js\"><\/script><\/p>\n<p>Comment puis-je d\u00e9sactiver les cookies ?<\/p>\n<p>La majeure partie des navigateurs web accepte les cookies automatiquement, mais vous pouvez aussi choisir de ne pas les accepter. Il est conseill\u00e9 de ne pas d\u00e9sactiver cette fonction car cela pourrait emp\u00eacher de naviguer librement d\u2019une page \u00e0 l\u2019autre et d\u2019utiliser toutes les caract\u00e9ristiques du site.<\/p>\n<p>Si vous ne souhaitez pas que votre ordinateur re\u00e7oive et m\u00e9morise des cookies, vous pouvez modifier les param\u00e9trages de s\u00e9curit\u00e9 de votre navigateur (Internet Explorer, Google Chrome, Safari, etc&#8230;). En tout cas, notez que certaines parties de notre Site peuvent \u00eatre utilis\u00e9es dans leur totalit\u00e9 seulement si votre navigateur accepte les cookies. En cons\u00e9quence, votre choix de retirer et de ne pas accepter les cookies pourra influencer n\u00e9gativement votre navigation sur notre Site.<\/p>\n<p>Si vous souhaitez modifier les param\u00e9trages de vos cookies, en entrant dans les param\u00e9trages des diff\u00e9rents navigateurs, vous trouverez ci-dessous de br\u00e8ves instructions sur la fa\u00e7on d\u2019effectuer cette op\u00e9ration dans les quatre navigateurs les plus r\u00e9pandus :<\/p>\n<p><u>Microsoft Internet Explorer <\/u><\/p>\n<p>Cliquer sur l\u2019ic\u00f4ne \u00ab Instruments \u00bb dans le coin en haut \u00e0 droite et s\u00e9lectionner \u00ab Options internet \u00bb. Dans la fen\u00eatre pop-up, s\u00e9lectionner \u00ab Respect de la vie priv\u00e9e \u00bb. L\u00e0, vous pourrez r\u00e9gler les param\u00e9trages de vos cookies.<\/p>\n<p><u>Google Chrome <\/u><\/p>\n<p>Cliquer sur la cl\u00e9 anglaise dans le coin en haut \u00e0 droite et s\u00e9lectionner \u00ab Param\u00e9trages \u00bb. \u00c0 ce point, s\u00e9lectionner \u00ab Montrer param\u00e9trages avanc\u00e9s \u00bb (\u00ab Sous le capot \u00bb) et modifier les param\u00e9trages du \u00ab Respect de la vie priv\u00e9e \u00bb.<\/p>\n<p><u>Mozilla Firefox <\/u><\/p>\n<p>\u00c0 partir du menu d\u00e9roulant dans le coin en haut \u00e0 gauche, s\u00e9lectionner \u00ab Options \u00bb. Dans la fen\u00eatre pop-up, s\u00e9lectionner \u00ab Respect de la vie priv\u00e9e \u00bb. L\u00e0, vous pourrez r\u00e9gler les param\u00e9trages de vos cookies.<\/p>\n<p><u>Safari <\/u><\/p>\n<p>\u00c0 partir du menu de param\u00e9trage d\u00e9roulant, dans le coin en haut \u00e0 droite, s\u00e9lectionner \u00ab Pr\u00e9f\u00e9rences \u00bb. S\u00e9lectionner \u00ab S\u00e9curit\u00e9 \u00bb et l\u00e0, vous pourrez r\u00e9gler les param\u00e9trages de vos cookies.<\/p>\n<p>Pour obtenir des informations d\u00e9taill\u00e9es sur la proc\u00e9dure n\u00e9cessaire, il est possible de consulter le guide du navigateur. Pour une vue panoramique des navigateurs les plus communs, visiter l&rsquo;adresse <a href=\"http:\/\/www.cookiepedia.co.uk\/index.php?title=How_to_Manage_Cookies\">http:\/\/www.cookiepedia.co.uk\/index.php?title=How_to_Manage_Cookies<\/a> ou <a href=\"http:\/\/www.aboutcookies.org\/\">http:\/\/www.aboutcookies.org\/<\/a>.<\/p>\n<p>Pour en savoir plus sur les cookies et sur la fa\u00e7on de g\u00e9rer ou d\u00e9sactiver les cookies tiers ou de marketing\/recyblage, visitez www.youronlinechoices.com.<\/p>\n<p>Pour d\u00e9sactiver les cookies d\u2019analyse et pour emp\u00eacher Google Analytics de collecter des donn\u00e9es sur votre navigation, vous pouvez t\u00e9l\u00e9charger la Composante additionnelle du navigateur pour la d\u00e9sactivation de Google Analytics : <a href=\"https:\/\/tools.google.com\/dlpage\/gaoptout\">https:\/\/tools.google.com\/dlpage\/gaoptout<\/a>.<\/p>\n<h2>Dur\u00e9e de conservation des donn\u00e9es<\/h2>\n<p>Les cookies g\u00e9r\u00e9s par Arena S.p.A. et les cookies g\u00e9r\u00e9s par des tiers suivent les dur\u00e9es de conservation pr\u00e9cis\u00e9es dans les notes d\u2019information sur les cookies respectives.<\/p>\n<p>Toute demande d\u2019informations ou d\u2019exercice de vos droits peut \u00eatre adress\u00e9e \u00e0 : privacy@arenasport.com<\/p>\n<p>Le Titulaire du Traitement est Arena S.p.A., Contrada Cisterna, 84\/85, 62029 Tolentino (MC) Italie, t\u00e9l. +39 0733 956 200, fax +39 0733 974 682, adresse e-mail : privacy@arenasport.com<\/p>\n","protected":false},"excerpt":{"rendered":"<p>Les cookies sont des cha\u00eenes de texte de petites dimensions conserv\u00e9es dans votre ordinateur quand vous visitez certaines pages sur internet. Les cookies ne sont pas dangereux pour votre ordinateur. &hellip;<\/p>\n","protected":false},"author":1264,"featured_media":0,"parent":0,"menu_order":0,"comment_status":"closed","ping_status":"closed","template":"","meta":[],"acf":[],"yoast_head":"<!-- This site is optimized with the Yoast SEO plugin v19.14 - https:\/\/yoast.com\/wordpress\/plugins\/seo\/ -->\n<title>Note d\u2019information sur les Cookies - The arena swimming blog<\/title>\n<meta name=\"robots\" content=\"index, follow, max-snippet:-1, max-image-preview:large, max-video-preview:-1\" \/>\n<link rel=\"canonical\" href=\"https:\/\/blog.arenaswim.com\/fr\/information-cookies\/\" \/>\n<meta property=\"og:locale\" content=\"fr_FR\" \/>\n<meta property=\"og:type\" content=\"article\" \/>\n<meta property=\"og:title\" content=\"Note d\u2019information sur les Cookies - The arena swimming blog\" \/>\n<meta property=\"og:description\" content=\"Les cookies sont des cha\u00eenes de texte de petites dimensions conserv\u00e9es dans votre ordinateur quand vous visitez certaines pages sur internet. Les cookies ne sont pas dangereux pour votre ordinateur. &hellip;\" \/>\n<meta property=\"og:url\" content=\"https:\/\/blog.arenaswim.com\/fr\/information-cookies\/\" \/>\n<meta property=\"og:site_name\" content=\"The arena swimming blog\" \/>\n<meta property=\"article:publisher\" content=\"https:\/\/www.facebook.com\/arenawaterinstinct\/\" \/>\n<meta property=\"article:modified_time\" content=\"2022-02-09T10:13:17+00:00\" \/>\n<meta name=\"twitter:card\" content=\"summary_large_image\" \/>\n<meta name=\"twitter:site\" content=\"@arenapeople\" \/>\n<meta name=\"twitter:label1\" content=\"Dur\u00e9e de lecture estim\u00e9e\" \/>\n\t<meta name=\"twitter:data1\" content=\"10 minutes\" \/>\n<script type=\"application\/ld+json\" class=\"yoast-schema-graph\">{\"@context\":\"https:\/\/schema.org\",\"@graph\":[{\"@type\":\"WebPage\",\"@id\":\"https:\/\/blog.arenaswim.com\/fr\/information-cookies\/\",\"url\":\"https:\/\/blog.arenaswim.com\/fr\/information-cookies\/\",\"name\":\"Note d\u2019information sur les Cookies - The arena swimming blog\",\"isPartOf\":{\"@id\":\"https:\/\/blog.arenaswim.com\/en\/#website\"},\"datePublished\":\"2021-12-31T23:00:05+00:00\",\"dateModified\":\"2022-02-09T10:13:17+00:00\",\"breadcrumb\":{\"@id\":\"https:\/\/blog.arenaswim.com\/fr\/information-cookies\/#breadcrumb\"},\"inLanguage\":\"fr-FR\",\"potentialAction\":[{\"@type\":\"ReadAction\",\"target\":[\"https:\/\/blog.arenaswim.com\/fr\/information-cookies\/\"]}]},{\"@type\":\"BreadcrumbList\",\"@id\":\"https:\/\/blog.arenaswim.com\/fr\/information-cookies\/#breadcrumb\",\"itemListElement\":[{\"@type\":\"ListItem\",\"position\":1,\"name\":\"Home\",\"item\":\"https:\/\/blog.arenaswim.com\/en\/\"},{\"@type\":\"ListItem\",\"position\":2,\"name\":\"Note d\u2019information sur les Cookies\"}]},{\"@type\":\"WebSite\",\"@id\":\"https:\/\/blog.arenaswim.com\/en\/#website\",\"url\":\"https:\/\/blog.arenaswim.com\/en\/\",\"name\":\"The arena swimming blog\",\"description\":\"\",\"publisher\":{\"@id\":\"https:\/\/blog.arenaswim.com\/en\/#organization\"},\"potentialAction\":[{\"@type\":\"SearchAction\",\"target\":{\"@type\":\"EntryPoint\",\"urlTemplate\":\"https:\/\/blog.arenaswim.com\/en\/?s={search_term_string}\"},\"query-input\":\"required name=search_term_string\"}],\"inLanguage\":\"fr-FR\"},{\"@type\":\"Organization\",\"@id\":\"https:\/\/blog.arenaswim.com\/en\/#organization\",\"name\":\"arena\",\"url\":\"https:\/\/blog.arenaswim.com\/en\/\",\"logo\":{\"@type\":\"ImageObject\",\"inLanguage\":\"fr-FR\",\"@id\":\"https:\/\/blog.arenaswim.com\/en\/#\/schema\/logo\/image\/\",\"url\":\"https:\/\/blog.arenaswim.com\/wp-content\/uploads\/2019\/07\/LOGO-ARENA-VERTICAL-POSITIVE.png\",\"contentUrl\":\"https:\/\/blog.arenaswim.com\/wp-content\/uploads\/2019\/07\/LOGO-ARENA-VERTICAL-POSITIVE.png\",\"width\":380,\"height\":268,\"caption\":\"arena\"},\"image\":{\"@id\":\"https:\/\/blog.arenaswim.com\/en\/#\/schema\/logo\/image\/\"},\"sameAs\":[\"http:\/\/instagram.com\/arenawaterinstinct\",\"https:\/\/www.pinterest.it\/arenawaterinstinct\/\",\"https:\/\/www.youtube.com\/arenapeople\",\"https:\/\/www.facebook.com\/arenawaterinstinct\/\",\"https:\/\/twitter.com\/arenapeople\"]}]}<\/script>\n<!-- \/ Yoast SEO plugin. -->","yoast_head_json":{"title":"Note d\u2019information sur les Cookies - The arena swimming blog","robots":{"index":"index","follow":"follow","max-snippet":"max-snippet:-1","max-image-preview":"max-image-preview:large","max-video-preview":"max-video-preview:-1"},"canonical":"https:\/\/blog.arenaswim.com\/fr\/information-cookies\/","og_locale":"fr_FR","og_type":"article","og_title":"Note d\u2019information sur les Cookies - The arena swimming blog","og_description":"Les cookies sont des cha\u00eenes de texte de petites dimensions conserv\u00e9es dans votre ordinateur quand vous visitez certaines pages sur internet. Les cookies ne sont pas dangereux pour votre ordinateur. &hellip;","og_url":"https:\/\/blog.arenaswim.com\/fr\/information-cookies\/","og_site_name":"The arena swimming blog","article_publisher":"https:\/\/www.facebook.com\/arenawaterinstinct\/","article_modified_time":"2022-02-09T10:13:17+00:00","twitter_card":"summary_large_image","twitter_site":"@arenapeople","twitter_misc":{"Dur\u00e9e de lecture estim\u00e9e":"10 minutes"},"schema":{"@context":"https:\/\/schema.org","@graph":[{"@type":"WebPage","@id":"https:\/\/blog.arenaswim.com\/fr\/information-cookies\/","url":"https:\/\/blog.arenaswim.com\/fr\/information-cookies\/","name":"Note d\u2019information sur les Cookies - The arena swimming blog","isPartOf":{"@id":"https:\/\/blog.arenaswim.com\/en\/#website"},"datePublished":"2021-12-31T23:00:05+00:00","dateModified":"2022-02-09T10:13:17+00:00","breadcrumb":{"@id":"https:\/\/blog.arenaswim.com\/fr\/information-cookies\/#breadcrumb"},"inLanguage":"fr-FR","potentialAction":[{"@type":"ReadAction","target":["https:\/\/blog.arenaswim.com\/fr\/information-cookies\/"]}]},{"@type":"BreadcrumbList","@id":"https:\/\/blog.arenaswim.com\/fr\/information-cookies\/#breadcrumb","itemListElement":[{"@type":"ListItem","position":1,"name":"Home","item":"https:\/\/blog.arenaswim.com\/en\/"},{"@type":"ListItem","position":2,"name":"Note d\u2019information sur les Cookies"}]},{"@type":"WebSite","@id":"https:\/\/blog.arenaswim.com\/en\/#website","url":"https:\/\/blog.arenaswim.com\/en\/","name":"The arena swimming blog","description":"","publisher":{"@id":"https:\/\/blog.arenaswim.com\/en\/#organization"},"potentialAction":[{"@type":"SearchAction","target":{"@type":"EntryPoint","urlTemplate":"https:\/\/blog.arenaswim.com\/en\/?s={search_term_string}"},"query-input":"required name=search_term_string"}],"inLanguage":"fr-FR"},{"@type":"Organization","@id":"https:\/\/blog.arenaswim.com\/en\/#organization","name":"arena","url":"https:\/\/blog.arenaswim.com\/en\/","logo":{"@type":"ImageObject","inLanguage":"fr-FR","@id":"https:\/\/blog.arenaswim.com\/en\/#\/schema\/logo\/image\/","url":"https:\/\/blog.arenaswim.com\/wp-content\/uploads\/2019\/07\/LOGO-ARENA-VERTICAL-POSITIVE.png","contentUrl":"https:\/\/blog.arenaswim.com\/wp-content\/uploads\/2019\/07\/LOGO-ARENA-VERTICAL-POSITIVE.png","width":380,"height":268,"caption":"arena"},"image":{"@id":"https:\/\/blog.arenaswim.com\/en\/#\/schema\/logo\/image\/"},"sameAs":["http:\/\/instagram.com\/arenawaterinstinct","https:\/\/www.pinterest.it\/arenawaterinstinct\/","https:\/\/www.youtube.com\/arenapeople","https:\/\/www.facebook.com\/arenawaterinstinct\/","https:\/\/twitter.com\/arenapeople"]}]}},"_links":{"self":[{"href":"https:\/\/blog.arenaswim.com\/fr\/wp-json\/wp\/v2\/pages\/90366"}],"collection":[{"href":"https:\/\/blog.arenaswim.com\/fr\/wp-json\/wp\/v2\/pages"}],"about":[{"href":"https:\/\/blog.arenaswim.com\/fr\/wp-json\/wp\/v2\/types\/page"}],"author":[{"embeddable":true,"href":"https:\/\/blog.arenaswim.com\/fr\/wp-json\/wp\/v2\/users\/1264"}],"replies":[{"embeddable":true,"href":"https:\/\/blog.arenaswim.com\/fr\/wp-json\/wp\/v2\/comments?post=90366"}],"version-history":[{"count":2,"href":"https:\/\/blog.arenaswim.com\/fr\/wp-json\/wp\/v2\/pages\/90366\/revisions"}],"predecessor-version":[{"id":90377,"href":"https:\/\/blog.arenaswim.com\/fr\/wp-json\/wp\/v2\/pages\/90366\/revisions\/90377"}],"wp:attachment":[{"href":"https:\/\/blog.arenaswim.com\/fr\/wp-json\/wp\/v2\/media?parent=90366"}],"curies":[{"name":"wp","href":"https:\/\/api.w.org\/{rel}","templated":true}]}}